{"id":40,"date":"2026-01-25T14:32:43","date_gmt":"2026-01-25T14:32:43","guid":{"rendered":"https:\/\/euprepeia.com\/?page_id=40"},"modified":"2026-01-26T08:50:47","modified_gmt":"2026-01-26T08:50:47","slug":"accueil","status":"publish","type":"page","link":"https:\/\/euprepeia.com\/","title":{"rendered":"Accueil"},"content":{"rendered":"\n<div class=\"wp-block-cover alignfull is-light\" style=\"padding-top:2%;min-height:100vh;aspect-ratio:unset;\"><img loading=\"lazy\" decoding=\"async\" width=\"1024\" height=\"683\" class=\"wp-block-cover__image-background wp-image-104 size-large\" alt=\"\" src=\"http:\/\/euprepeia.com\/wp-content\/uploads\/2026\/01\/collage_export_37100F57-129D-4EAC-B41C-9E23554111D1-1024x683.jpg\" data-object-fit=\"cover\" srcset=\"https:\/\/euprepeia.com\/wp-content\/uploads\/2026\/01\/collage_export_37100F57-129D-4EAC-B41C-9E23554111D1-1024x683.jpg 1024w, https:\/\/euprepeia.com\/wp-content\/uploads\/2026\/01\/collage_export_37100F57-129D-4EAC-B41C-9E23554111D1-300x200.jpg 300w, https:\/\/euprepeia.com\/wp-content\/uploads\/2026\/01\/collage_export_37100F57-129D-4EAC-B41C-9E23554111D1-768x512.jpg 768w, https:\/\/euprepeia.com\/wp-content\/uploads\/2026\/01\/collage_export_37100F57-129D-4EAC-B41C-9E23554111D1-1536x1024.jpg 1536w, https:\/\/euprepeia.com\/wp-content\/uploads\/2026\/01\/collage_export_37100F57-129D-4EAC-B41C-9E23554111D1-2048x1366.jpg 2048w\" sizes=\"auto, (max-width: 1024px) 100vw, 1024px\" \/><span aria-hidden=\"true\" class=\"wp-block-cover__background has-background-dim-0 has-background-dim\" style=\"background-color:#b6a9a5\"><\/span><div class=\"wp-block-cover__inner-container has-global-padding is-layout-constrained wp-container-core-cover-is-layout-ee51f2d2 wp-block-cover-is-layout-constrained\">\n<div class=\"wp-block-group alignwide is-vertical is-content-justification-center is-layout-flex wp-container-core-group-is-layout-b6c1f246 wp-block-group-is-layout-flex\" style=\"min-height:35rem\">\n<div class=\"wp-block-group has-global-padding is-layout-constrained wp-container-core-group-is-layout-1c662c3c wp-block-group-is-layout-constrained\">\n<h3 class=\"wp-block-heading has-text-align-center has-text-color has-hedvig-letters-serif-regular-font-family\" style=\"color:#ffffff;margin-bottom:1rem;font-size:clamp(2.156rem, 2.156rem + ((1vw - 0.2rem) * 3.171), 3.9rem);font-style:normal;font-weight:400;line-height:1;text-transform:none\">Euprepeia <\/h3>\n\n\n\n<p class=\"has-text-align-center has-text-color has-link-color wp-elements-150093f29e949f743451648335166c0a\" style=\"color:#ffffff;font-size:clamp(0.875rem, 0.875rem + ((1vw - 0.2rem) * 0.591), 1.2rem);\">Stunning places create unique experiences.<\/p>\n\n\n\n<div class=\"wp-block-group has-global-padding is-content-justification-center is-layout-constrained wp-container-core-group-is-layout-9b3804fc wp-block-group-is-layout-constrained\" style=\"margin-top:30px\">\n<div class=\"wp-block-buttons is-horizontal is-content-justification-right is-layout-flex wp-container-core-buttons-is-layout-e5324bbf wp-block-buttons-is-layout-flex\" style=\"margin-top:0.21rem\">\n<div class=\"wp-block-button has-custom-width wp-block-button__width-100 is-style-fill\"><a class=\"wp-block-button__link has-text-color has-background has-custom-font-size wp-element-button\" style=\"border-style:none;border-width:0px;border-radius:2.5rem;color:#242925;background-color:#ffffff;padding-top:1.1rem;padding-right:0.81rem;padding-bottom:1.1rem;padding-left:0.81rem;font-size:clamp(0.875rem, 0.875rem + ((1vw - 0.2rem) * 0.227), 1rem);font-style:normal;font-weight:500;line-height:1;text-transform:capitalize\">See All Posts<\/a><\/div>\n<\/div>\n<\/div>\n<\/div>\n\n\n\n<p><\/p>\n\n\n\n<p><\/p>\n<\/div>\n<\/div><\/div>\n\n\n\n<section class=\"wp-block-group alignfull has-text-color has-background has-global-padding is-layout-constrained wp-container-core-group-is-layout-83ee5e76 wp-block-group-is-layout-constrained\" style=\"color:#212121;background-color:#f5f5f5;margin-top:0rem;padding-right:1rem;padding-left:1rem;font-size:clamp(0.875rem, 0.875rem + ((1vw - 0.2rem) * 0.464), 1.13rem);font-style:normal;font-weight:400;line-height:1.5\">\n<div class=\"wp-block-group has-global-padding is-layout-constrained wp-container-core-group-is-layout-0f2e7412 wp-block-group-is-layout-constrained\" style=\"padding-top:5.01rem;padding-bottom:4.01rem\">\n<div class=\"wp-block-columns is-not-stacked-on-mobile is-layout-flex wp-container-core-columns-is-layout-713970fd wp-block-columns-is-layout-flex\">\n<div class=\"wp-block-column has-global-padding is-layout-constrained wp-container-core-column-is-layout-c6e25a76 wp-block-column-is-layout-constrained\" style=\"border-right-style:none;border-right-width:0px;padding-right:1rem;padding-left:1rem\">\n<h6 class=\"wp-block-heading has-text-align-center has-text-color has-hedvig-letters-serif-regular-font-family\" style=\"color:#242925;margin-bottom:0.51rem;font-size:clamp(1.551rem, 1.551rem + ((1vw - 0.2rem) * 1.907), 2.6rem);line-height:1.3;text-transform:capitalize\">100+<\/h6>\n\n\n\n<p class=\"has-text-align-center has-text-color\" style=\"color:#212121;margin-top:0px;margin-bottom:1.77rem;font-size:clamp(0.875rem, 0.875rem + ((1vw - 0.2rem) * 0.064), 0.91rem);font-style:normal;font-weight:500;line-height:1.5\">Explore 100+ breathtaking destinations!<\/p>\n<\/div>\n\n\n\n<div class=\"wp-block-column has-global-padding is-layout-constrained wp-container-core-column-is-layout-c6e25a76 wp-block-column-is-layout-constrained\" style=\"border-right-style:none;border-right-width:0px;padding-right:1rem;padding-left:1rem\">\n<h6 class=\"wp-block-heading has-text-align-center has-text-color has-hedvig-letters-serif-regular-font-family\" style=\"color:#242925;margin-bottom:0.51rem;font-size:clamp(1.551rem, 1.551rem + ((1vw - 0.2rem) * 1.907), 2.6rem);line-height:1.3;text-transform:capitalize\">500+<\/h6>\n\n\n\n<p class=\"has-text-align-center has-text-color\" style=\"color:#212121;margin-top:0px;margin-bottom:1.77rem;font-size:clamp(0.875rem, 0.875rem + ((1vw - 0.2rem) * 0.064), 0.91rem);font-style:normal;font-weight:500;line-height:1.5\">Discover 500+ nature connections!<\/p>\n<\/div>\n\n\n\n<div class=\"wp-block-column has-global-padding is-layout-constrained wp-container-core-column-is-layout-c6e25a76 wp-block-column-is-layout-constrained\" style=\"padding-right:1rem;padding-left:1rem\">\n<h6 class=\"wp-block-heading has-text-align-center has-text-color has-hedvig-letters-serif-regular-font-family\" style=\"color:#242925;margin-bottom:0.51rem;font-size:clamp(1.551rem, 1.551rem + ((1vw - 0.2rem) * 1.907), 2.6rem);line-height:1.3;text-transform:capitalize\">1000<\/h6>\n\n\n\n<p class=\"has-text-align-center has-text-color\" style=\"color:#212121;margin-top:0px;margin-bottom:1.77rem;font-size:clamp(0.875rem, 0.875rem + ((1vw - 0.2rem) * 0.064), 0.91rem);font-style:normal;font-weight:500;line-height:1.5\">Experience 1000+ exciting activities!<\/p>\n<\/div>\n<\/div>\n<\/div>\n<\/section>\n\n\n\n<div class=\"wp-block-cover alignfull is-light\" style=\"min-height:769px;aspect-ratio:unset;\"><span aria-hidden=\"true\" class=\"wp-block-cover__background has-background-dim-100 has-background-dim\" style=\"background-color:#f3f3f3\"><\/span><div class=\"wp-block-cover__inner-container has-global-padding is-layout-constrained wp-container-core-cover-is-layout-4383d167 wp-block-cover-is-layout-constrained\">\n<div class=\"wp-block-group alignfull has-global-padding is-layout-constrained wp-container-core-group-is-layout-0117c4cf wp-block-group-is-layout-constrained\" style=\"padding-top:80px;padding-bottom:80px\">\n<div class=\"wp-block-columns alignwide is-layout-flex wp-container-core-columns-is-layout-28f84493 wp-block-columns-is-layout-flex\">\n<div class=\"wp-block-column is-layout-flow wp-block-column-is-layout-flow\" style=\"padding-right:10px;padding-left:10px;flex-basis:50%\">\n<div class=\"wp-block-group is-content-justification-center is-nowrap is-layout-flex wp-container-core-group-is-layout-23441af8 wp-block-group-is-layout-flex\">\n<div class=\"wp-block-group has-global-padding is-content-justification-left is-layout-constrained wp-container-core-group-is-layout-664c02a5 wp-block-group-is-layout-constrained\" style=\"padding-bottom:10px\">\n<h2 class=\"wp-block-heading has-text-color has-link-color has-hedvig-letters-serif-regular-font-family wp-elements-709bc8bff2908cb7c264f5e1e57b518e\" style=\"color:#242925\">Hello Friends!<\/h2>\n\n\n\n<p>Travel ignites my soul! There is something magical about landing in a new destination, eagerly waiting to get that passport stamp, grabbing my bags, and stepping into the arrivals hall, all set for an adventure.<\/p>\n\n\n\n<p>Diving into the vibrant tapestry of local cultures and stumbling upon surprises at every turn fills me with an indescribable joy. Every journey is a new chapter in my book of wanderlust, waiting to be written.<\/p>\n\n\n\n<div class=\"wp-block-buttons is-horizontal is-content-justification-left is-layout-flex wp-container-core-buttons-is-layout-4160120e wp-block-buttons-is-layout-flex\" style=\"margin-top:30px\">\n<div class=\"wp-block-button is-style-outline is-style-outline--1\"><a class=\"wp-block-button__link has-text-color has-border-color has-work-sans-regular-font-family has-custom-font-size wp-element-button\" href=\"#\" style=\"border-color:#242925;border-style:solid;border-width:1px;border-radius:2.5rem;color:#242925;padding-top:1.1rem;padding-right:40px;padding-bottom:1.1rem;padding-left:40px;font-size:clamp(0.875rem, 0.875rem + ((1vw - 0.2rem) * 0.227), 1rem);font-style:normal;font-weight:700;line-height:1;text-transform:capitalize\">More About Me<\/a><\/div>\n<\/div>\n<\/div>\n<\/div>\n<\/div>\n\n\n\n<div class=\"wp-block-column is-layout-flow wp-block-column-is-layout-flow\" style=\"padding-right:10px;padding-left:10px;flex-basis:50%\">\n<figure class=\"wp-block-image aligncenter size-full has-custom-border\"><img decoding=\"async\" src=\"https:\/\/tyler.com\/wp-content\/uploads\/2024\/03\/ibrahim-rifath-Y6tBl0pTe-g-unsplash-1.jpg\" alt=\"\" class=\"wp-image-23153\" style=\"border-radius:16px\"\/><\/figure>\n<\/div>\n<\/div>\n<\/div>\n\n\n\n<p><\/p>\n\n\n\n<p><\/p>\n<\/div><\/div>\n\n\n\n<section class=\"wp-block-group alignfull has-text-color has-global-padding is-layout-constrained wp-container-core-group-is-layout-83ee5e76 wp-block-group-is-layout-constrained\" style=\"color:#212121;margin-top:0rem;padding-right:1rem;padding-left:1rem;font-size:clamp(0.875rem, 0.875rem + ((1vw - 0.2rem) * 0.464), 1.13rem);font-style:normal;font-weight:400;line-height:1.5\">\n<div class=\"wp-block-group has-global-padding is-layout-constrained wp-container-core-group-is-layout-c328c1cf wp-block-group-is-layout-constrained\" style=\"padding-top:5.01rem;padding-bottom:4.01rem\">\n<div class=\"wp-block-columns is-layout-flex wp-container-core-columns-is-layout-713970fd wp-block-columns-is-layout-flex\">\n<div class=\"wp-block-column has-global-padding is-layout-constrained wp-container-core-column-is-layout-9c8f69bf wp-block-column-is-layout-constrained\" style=\"border-right-style:none;border-right-width:0px;padding-right:1rem;padding-left:1rem\">\n<figure class=\"wp-block-image aligncenter size-full\"><img decoding=\"async\" src=\"https:\/\/tyler.com\/wp-content\/uploads\/2024\/03\/Icon.png\" alt=\"\" class=\"wp-image-23157\"\/><\/figure>\n\n\n\n<p class=\"has-text-align-center has-text-color has-hedvig-letters-serif-regular-font-family\" style=\"color:#242925;margin-top:20px;margin-bottom:0.6rem;font-size:clamp(0.875rem, 0.875rem + ((1vw - 0.2rem) * 0.7), 1.26rem);line-height:1.5\">\u201cFloriane a \u00e9t\u00e9 tr\u00e8s professionnelle et \u00e0 l&rsquo;\u00e9coute pendant la s\u00e9ance d&rsquo;essai et le jour J du mariage .Elle s&rsquo;est occup\u00e9e de mon make up et de ma coiffure et le r\u00e9sultat \u00e9tait parfait. Ma maman a aussi eu l&rsquo;occasion de faire son make up avec elle, et certaines de mes amies ont opt\u00e9 pour des faux cils que Floriane a pris le temps de leur poser alors que ce n&rsquo;\u00e9tait pas pr\u00e9vu.<br>Floriane a \u00e9t\u00e9 au top de A \u00e0 Z, si vous l&rsquo;avez \u00e0 vos c\u00f4t\u00e9s le jour J vous ne le regretterez pas\u201d<\/p>\n\n\n\n<h6 class=\"wp-block-heading has-text-align-center has-text-color has-link-color wp-elements-1125649318a4ce12b90d6185f9450cf2\" style=\"color:#959e95;font-size:0.8rem\">SAMANTHA SMITH<\/h6>\n\n\n\n<div class=\"avis\">\n\n  <!-- TEXTE VISIBLE -->\n  <p class=\"extrait\">\n    Nous avons v\u00e9cu une journ\u00e9e incroyable gr\u00e2ce \u00e0 ton professionnalisme.\n    Tout \u00e9tait parfaitement organis\u00e9 et rempli d\u2019\u00e9motions.\n  <\/p>\n\n  <!-- TEXTE CACH\u00c9 -->\n  <div class=\"suite\">\n    <p>\n      D\u00e8s les premiers \u00e9changes, nous nous sommes sentis en confiance.\n      Nos invit\u00e9s parlent encore de cette journ\u00e9e magique.\n      Merci infiniment pour ton accompagnement exceptionnel.\n    <\/p>\n  <\/div>\n\n  <span class=\"voir-plus\">&#8230;<\/span>\n\n<\/div>\n\n\n\n<p><\/p>\n<\/div>\n\n\n\n<div class=\"wp-block-column has-global-padding is-layout-constrained wp-container-core-column-is-layout-9c8f69bf wp-block-column-is-layout-constrained\" style=\"border-right-style:none;border-right-width:0px;padding-right:1rem;padding-left:1rem\">\n<figure class=\"wp-block-image aligncenter size-full\"><img decoding=\"async\" src=\"https:\/\/tyler.com\/wp-content\/uploads\/2024\/03\/Icon.png\" alt=\"\" class=\"wp-image-23157\"\/><\/figure>\n\n\n\n<p class=\"has-text-align-center has-text-color has-hedvig-letters-serif-regular-font-family\" style=\"color:#242925;margin-top:20px;margin-bottom:0.6rem;font-size:clamp(0.875rem, 0.875rem + ((1vw - 0.2rem) * 0.7), 1.26rem);line-height:1.5\">\u201cMerci infiniment Floriane pour ton professionnalisme, ton \u00e9coute, ton calme, ta bienveillance lors des pr\u00e9paratifs . J\u2019ai vraiment \u00e9t\u00e9 ravie d\u2019\u00eatre maquill\u00e9e et <\/p>\n\n\n\n<h6 class=\"wp-block-heading has-text-align-center has-text-color has-link-color wp-elements-cae0cea629d05be26468fbfc709ca833\" style=\"color:#959e95;font-size:0.8rem\">CHlo\u00e9 <\/h6>\n\n\n\n<p class=\"has-text-align-center\">7 juin 2025<\/p>\n\n\n\n<div class=\"wp-block-group has-global-padding is-content-justification-right is-layout-constrained wp-container-core-group-is-layout-f1f2ed93 wp-block-group-is-layout-constrained\">\n<div class=\"wp-block-group has-global-padding is-layout-constrained wp-block-group-is-layout-constrained\">\n<div class=\"wp-block-columns is-layout-flex wp-container-core-columns-is-layout-28f84493 wp-block-columns-is-layout-flex\">\n<div class=\"wp-block-column is-layout-flow wp-block-column-is-layout-flow\" style=\"flex-basis:100%\">\n<details class=\"wp-block-details alignfull is-layout-flow wp-block-details-is-layout-flow\"><summary>Voir plus<\/summary>\n<p>et coiff\u00e9e par toi pour le plus beau jour de ma vie. J\u2019ai ador\u00e9 la coiffure et le maquillage. Mes proches \u00e9taient \u00e9galement tr\u00e8s contentes de leur mise au beaut\u00e9.&nbsp;<br>Je recommande \u00e0 100% Floriane pour les prochaines futures mari\u00e9es.\u201d<\/p>\n<\/details>\n<\/div>\n<\/div>\n<\/div>\n<\/div>\n\n\n\n<p><\/p>\n<\/div>\n\n\n\n<div class=\"wp-block-column has-global-padding is-layout-constrained wp-container-core-column-is-layout-9c8f69bf wp-block-column-is-layout-constrained\" style=\"border-right-style:none;border-right-width:0px;padding-right:1rem;padding-left:1rem\">\n<figure class=\"wp-block-image aligncenter size-full\"><img decoding=\"async\" src=\"https:\/\/tyler.com\/wp-content\/uploads\/2024\/03\/Icon.png\" alt=\"\" class=\"wp-image-23157\"\/><\/figure>\n\n\n\n<p class=\"has-text-align-center has-text-color has-hedvig-letters-serif-regular-font-family\" style=\"color:#242925;margin-top:20px;margin-bottom:0.6rem;font-size:clamp(0.875rem, 0.875rem + ((1vw - 0.2rem) * 0.7), 1.26rem);line-height:1.5\">\u201cFloriane m\u2019a maquill\u00e9e pour mon mariage et je ne peux que la recommander ! Elle a \u00e9t\u00e9 tr\u00e8s professionnelle et \u00e0 l\u2019\u00e9coute de mes envies tout en prodiguant d\u2019excellents conseils. Le r\u00e9sultat \u00e9tait sublime et a parfaitement tenu toute la journ\u00e9e. Elle s\u2019est \u00e9galement occup\u00e9e de quatre invit\u00e9es, qui ont toutes \u00e9t\u00e9 ravies de leur maquillage.&nbsp;<br>Le co\u00fbt de la prestation est en ad\u00e9quation avec la qualit\u00e9 du travail r\u00e9alis\u00e9.<br>Merci encore Floriane pour ta gentillesse et ton talent !\u201d<\/p>\n\n\n\n<h6 class=\"wp-block-heading has-text-align-center has-text-color has-link-color wp-elements-b2eaebd8a58b554d5c3d638395df35f9\" style=\"color:#959e95;font-size:0.8rem\">JUstine <\/h6>\n\n\n\n<div class=\"avis\">\n  <p>\n    mes envies tout en prodiguant d\u2019excellents conseils. Le r\u00e9sultat \u00e9tait sublime et a parfaitement tenu toute la journ\u00e9e. Elle s\u2019est \u00e9galement occup\u00e9e de quatre invit\u00e9es, qui ont toutes \u00e9t\u00e9 ravies de leur maquillage.\u00a0\nLe co\u00fbt de la prestation est en ad\u00e9quation avec la qualit\u00e9 du travail r\u00e9alis\u00e9.\nMerci encore Floriane pour ta gentillesse et ton talent !\u201d\n  <\/p>\n\n  <span class=\"voir-plus\">&#8230;<\/span>\n<\/div>\n<\/div>\n<\/div>\n<\/div>\n<\/section>\n\n\n\n<div class=\"wp-block-cover alignfull is-light\"><span aria-hidden=\"true\" class=\"wp-block-cover__background has-background-dim-100 has-background-dim\" style=\"background-color:#f3f3f3\"><\/span><div class=\"wp-block-cover__inner-container has-global-padding is-layout-constrained wp-container-core-cover-is-layout-4383d167 wp-block-cover-is-layout-constrained\">\n<div class=\"wp-block-group alignfull has-global-padding is-layout-constrained wp-container-core-group-is-layout-0117c4cf wp-block-group-is-layout-constrained\" style=\"padding-top:80px;padding-bottom:80px\">\n<div class=\"wp-block-columns alignwide is-layout-flex wp-container-core-columns-is-layout-28f84493 wp-block-columns-is-layout-flex\">\n<div class=\"wp-block-column is-layout-flow wp-block-column-is-layout-flow\" style=\"padding-right:10px;padding-left:10px;flex-basis:40%\">\n<figure class=\"wp-block-image aligncenter size-full has-custom-border\"><img decoding=\"async\" src=\"https:\/\/tyler.com\/wp-content\/uploads\/2024\/03\/alabaster-co-ql_mnoDraIM-unsplash-1.png\" alt=\"\" class=\"wp-image-23161\" style=\"border-radius:16px\"\/><\/figure>\n<\/div>\n\n\n\n<div class=\"wp-block-column is-vertically-aligned-center is-layout-flow wp-block-column-is-layout-flow\" style=\"padding-right:10px;padding-left:10px;flex-basis:60%\">\n<div class=\"wp-block-group is-content-justification-center is-nowrap is-layout-flex wp-container-core-group-is-layout-23441af8 wp-block-group-is-layout-flex\">\n<div class=\"wp-block-group has-global-padding is-content-justification-left is-layout-constrained wp-container-core-group-is-layout-fa1486d9 wp-block-group-is-layout-constrained\" style=\"padding-top:30px;padding-bottom:30px\">\n<h4 class=\"wp-block-heading has-text-color has-link-color wp-elements-2acc0623a914f83e03ecf18eedc7c91d\" style=\"color:#242925;font-size:12px;font-style:normal;font-weight:600;text-transform:uppercase\">My New Book<\/h4>\n\n\n\n<h2 class=\"wp-block-heading has-text-color has-link-color has-hedvig-letters-serif-regular-font-family wp-elements-7f3d659c46d5a1d575716b3ba297f9e0\" style=\"color:#242925;font-size:clamp(1.502rem, 1.502rem + ((1vw - 0.2rem) * 1.815), 2.5rem);\">Journey of a Lifetime<\/h2>\n\n\n\n<p style=\"margin-top:0px;margin-right:0px;margin-bottom:0px;margin-left:0px;padding-top:20px;padding-right:0px;padding-bottom:0px;padding-left:0px\">\u201cJourney of a Lifetime\u201d is an enchanting voyage through the eyes of intrepid explorers, a book that celebrates the indomitable spirit of adventure and the profound beauty of the natural world.<\/p>\n\n\n\n<div class=\"wp-block-buttons is-horizontal is-content-justification-left is-layout-flex wp-container-core-buttons-is-layout-4160120e wp-block-buttons-is-layout-flex\" style=\"margin-top:30px\">\n<div class=\"wp-block-button is-style-outline is-style-outline--2\"><a class=\"wp-block-button__link has-text-color has-border-color has-work-sans-regular-font-family has-custom-font-size wp-element-button\" href=\"#\" style=\"border-color:#242925;border-style:solid;border-width:1px;border-radius:2.5rem;color:#242925;padding-top:1.1rem;padding-right:40px;padding-bottom:1.1rem;padding-left:40px;font-size:clamp(0.875rem, 0.875rem + ((1vw - 0.2rem) * 0.227), 1rem);font-style:normal;font-weight:700;line-height:1;text-transform:capitalize\">Grab Your Copy Today<\/a><\/div>\n<\/div>\n<\/div>\n<\/div>\n<\/div>\n<\/div>\n<\/div>\n<\/div><\/div>\n","protected":false},"excerpt":{"rendered":"<p>100+ Explore 100+ breathtaking destinations! 500+ Discover 500+ nature connections! 1000 Experience 1000+ exciting activities! \u201cFloriane a \u00e9t\u00e9 tr\u00e8s professionnelle et \u00e0 l&rsquo;\u00e9coute pendant la s\u00e9ance d&rsquo;essai et le jour J du mariage .Elle s&rsquo;est occup\u00e9e de mon make up et de ma coiffure et le r\u00e9sultat \u00e9tait parfait. Ma maman a aussi eu l&rsquo;occasion [&hellip;]<\/p>\n","protected":false},"author":1,"featured_media":0,"parent":0,"menu_order":0,"comment_status":"closed","ping_status":"closed","template":"","meta":{"footnotes":""},"class_list":["post-40","page","type-page","status-publish","hentry"],"_links":{"self":[{"href":"https:\/\/euprepeia.com\/index.php\/wp-json\/wp\/v2\/pages\/40","targetHints":{"allow":["GET"]}}],"collection":[{"href":"https:\/\/euprepeia.com\/index.php\/wp-json\/wp\/v2\/pages"}],"about":[{"href":"https:\/\/euprepeia.com\/index.php\/wp-json\/wp\/v2\/types\/page"}],"author":[{"embeddable":true,"href":"https:\/\/euprepeia.com\/index.php\/wp-json\/wp\/v2\/users\/1"}],"replies":[{"embeddable":true,"href":"https:\/\/euprepeia.com\/index.php\/wp-json\/wp\/v2\/comments?post=40"}],"version-history":[{"count":20,"href":"https:\/\/euprepeia.com\/index.php\/wp-json\/wp\/v2\/pages\/40\/revisions"}],"predecessor-version":[{"id":106,"href":"https:\/\/euprepeia.com\/index.php\/wp-json\/wp\/v2\/pages\/40\/revisions\/106"}],"wp:attachment":[{"href":"https:\/\/euprepeia.com\/index.php\/wp-json\/wp\/v2\/media?parent=40"}],"curies":[{"name":"wp","href":"https:\/\/api.w.org\/{rel}","templated":true}]}}